{"id":2253,"date":"2025-04-22T14:53:13","date_gmt":"2025-04-22T12:53:13","guid":{"rendered":"https:\/\/mbun.it\/menu\/"},"modified":"2025-04-22T14:53:13","modified_gmt":"2025-04-22T12:53:13","slug":"menu","status":"publish","type":"page","link":"https:\/\/mbun.it\/fr\/menu\/","title":{"rendered":"Menu"},"content":{"rendered":"","protected":false},"excerpt":{"rendered":"","protected":false},"author":1,"featured_media":0,"parent":0,"menu_order":1,"comment_status":"closed","ping_status":"closed","template":"","meta":{"footnotes":""},"class_list":["post-2253","page","type-page","status-publish","hentry"],"yoast_head":"<!-- This site is optimized with the Yoast SEO plugin v27.3 - https:\/\/yoast.com\/product\/yoast-seo-wordpress\/ -->\n<title>Menu - M**Bun | Agrihamburgeria Slow Fast Food a Torino e Rivoli<\/title>\n<meta name=\"description\" content=\"Tous nos sandwichs et plats sont con\u00e7us pour offrir un repas savoureux et \u00e9quilibr\u00e9 sur le plan nutritionnel.\" \/>\n<meta name=\"robots\" content=\"index, follow, max-snippet:-1, max-image-preview:large, max-video-preview:-1\" \/>\n<link rel=\"canonical\" href=\"https:\/\/mbun.it\/fr\/menu\/\" \/>\n<meta property=\"og:locale\" content=\"fr_FR\" \/>\n<meta property=\"og:type\" content=\"article\" \/>\n<meta property=\"og:title\" content=\"Menu - M**Bun | Agrihamburgeria Slow Fast Food a Torino e Rivoli\" \/>\n<meta property=\"og:description\" content=\"Tous nos sandwichs et plats sont con\u00e7us pour offrir un repas savoureux et \u00e9quilibr\u00e9 sur le plan nutritionnel.\" \/>\n<meta property=\"og:url\" content=\"https:\/\/mbun.it\/fr\/menu\/\" \/>\n<meta property=\"og:site_name\" content=\"M**Bun | Agrihamburgeria Slow Fast Food a Torino e Rivoli\" \/>\n<meta property=\"article:publisher\" content=\"https:\/\/www.facebook.com\/mac.bun.7\" \/>\n<meta name=\"twitter:card\" content=\"summary_large_image\" \/>\n<script type=\"application\/ld+json\" class=\"yoast-schema-graph\">{\"@context\":\"https:\\\/\\\/schema.org\",\"@graph\":[{\"@type\":\"WebPage\",\"@id\":\"https:\\\/\\\/mbun.it\\\/fr\\\/menu\\\/\",\"url\":\"https:\\\/\\\/mbun.it\\\/fr\\\/menu\\\/\",\"name\":\"Menu - M**Bun | Agrihamburgeria Slow Fast Food a Torino e Rivoli\",\"isPartOf\":{\"@id\":\"https:\\\/\\\/mbun.it\\\/fr\\\/#website\"},\"datePublished\":\"2025-04-22T12:53:13+00:00\",\"description\":\"Tous nos sandwichs et plats sont con\u00e7us pour offrir un repas savoureux et \u00e9quilibr\u00e9 sur le plan nutritionnel.\",\"breadcrumb\":{\"@id\":\"https:\\\/\\\/mbun.it\\\/fr\\\/menu\\\/#breadcrumb\"},\"inLanguage\":\"fr-FR\",\"potentialAction\":[{\"@type\":\"ReadAction\",\"target\":[\"https:\\\/\\\/mbun.it\\\/fr\\\/menu\\\/\"]}]},{\"@type\":\"BreadcrumbList\",\"@id\":\"https:\\\/\\\/mbun.it\\\/fr\\\/menu\\\/#breadcrumb\",\"itemListElement\":[{\"@type\":\"ListItem\",\"position\":1,\"name\":\"Accueil\",\"item\":\"https:\\\/\\\/mbun.it\\\/fr\\\/accueil\\\/\"},{\"@type\":\"ListItem\",\"position\":2,\"name\":\"Menu\"}]},{\"@type\":\"WebSite\",\"@id\":\"https:\\\/\\\/mbun.it\\\/fr\\\/#website\",\"url\":\"https:\\\/\\\/mbun.it\\\/fr\\\/\",\"name\":\"M**Bun | Agrihamburgeria Slow Fast Food a Torino e Rivoli\",\"description\":\"Sei alla ricerca di un fast food a Torino? Dove mangiare uno dei migliori hamburger a Torino? Vi aspettiamo da M** Bun !\",\"publisher\":{\"@id\":\"https:\\\/\\\/mbun.it\\\/fr\\\/#organization\"},\"potentialAction\":[{\"@type\":\"SearchAction\",\"target\":{\"@type\":\"EntryPoint\",\"urlTemplate\":\"https:\\\/\\\/mbun.it\\\/fr\\\/?s={search_term_string}\"},\"query-input\":{\"@type\":\"PropertyValueSpecification\",\"valueRequired\":true,\"valueName\":\"search_term_string\"}}],\"inLanguage\":\"fr-FR\"},{\"@type\":\"Organization\",\"@id\":\"https:\\\/\\\/mbun.it\\\/fr\\\/#organization\",\"name\":\"M**Bun | Agrihamburgeria Slow Fast Food a Torino e Rivoli\",\"url\":\"https:\\\/\\\/mbun.it\\\/fr\\\/\",\"logo\":{\"@type\":\"ImageObject\",\"inLanguage\":\"fr-FR\",\"@id\":\"https:\\\/\\\/mbun.it\\\/fr\\\/#\\\/schema\\\/logo\\\/image\\\/\",\"url\":\"https:\\\/\\\/mbun.it\\\/wp-content\\\/uploads\\\/Mbun-logo-rotondo.svg\",\"contentUrl\":\"https:\\\/\\\/mbun.it\\\/wp-content\\\/uploads\\\/Mbun-logo-rotondo.svg\",\"width\":151,\"height\":152,\"caption\":\"M**Bun | Agrihamburgeria Slow Fast Food a Torino e Rivoli\"},\"image\":{\"@id\":\"https:\\\/\\\/mbun.it\\\/fr\\\/#\\\/schema\\\/logo\\\/image\\\/\"},\"sameAs\":[\"https:\\\/\\\/www.facebook.com\\\/mac.bun.7\",\"https:\\\/\\\/www.instagram.com\\\/macbun_official\\\/\"]}]}<\/script>\n<!-- \/ Yoast SEO plugin. -->","yoast_head_json":{"title":"Menu - M**Bun | Agrihamburgeria Slow Fast Food a Torino e Rivoli","description":"Tous nos sandwichs et plats sont con\u00e7us pour offrir un repas savoureux et \u00e9quilibr\u00e9 sur le plan nutritionnel.","robots":{"index":"index","follow":"follow","max-snippet":"max-snippet:-1","max-image-preview":"max-image-preview:large","max-video-preview":"max-video-preview:-1"},"canonical":"https:\/\/mbun.it\/fr\/menu\/","og_locale":"fr_FR","og_type":"article","og_title":"Menu - M**Bun | Agrihamburgeria Slow Fast Food a Torino e Rivoli","og_description":"Tous nos sandwichs et plats sont con\u00e7us pour offrir un repas savoureux et \u00e9quilibr\u00e9 sur le plan nutritionnel.","og_url":"https:\/\/mbun.it\/fr\/menu\/","og_site_name":"M**Bun | Agrihamburgeria Slow Fast Food a Torino e Rivoli","article_publisher":"https:\/\/www.facebook.com\/mac.bun.7","twitter_card":"summary_large_image","schema":{"@context":"https:\/\/schema.org","@graph":[{"@type":"WebPage","@id":"https:\/\/mbun.it\/fr\/menu\/","url":"https:\/\/mbun.it\/fr\/menu\/","name":"Menu - M**Bun | Agrihamburgeria Slow Fast Food a Torino e Rivoli","isPartOf":{"@id":"https:\/\/mbun.it\/fr\/#website"},"datePublished":"2025-04-22T12:53:13+00:00","description":"Tous nos sandwichs et plats sont con\u00e7us pour offrir un repas savoureux et \u00e9quilibr\u00e9 sur le plan nutritionnel.","breadcrumb":{"@id":"https:\/\/mbun.it\/fr\/menu\/#breadcrumb"},"inLanguage":"fr-FR","potentialAction":[{"@type":"ReadAction","target":["https:\/\/mbun.it\/fr\/menu\/"]}]},{"@type":"BreadcrumbList","@id":"https:\/\/mbun.it\/fr\/menu\/#breadcrumb","itemListElement":[{"@type":"ListItem","position":1,"name":"Accueil","item":"https:\/\/mbun.it\/fr\/accueil\/"},{"@type":"ListItem","position":2,"name":"Menu"}]},{"@type":"WebSite","@id":"https:\/\/mbun.it\/fr\/#website","url":"https:\/\/mbun.it\/fr\/","name":"M**Bun | Agrihamburgeria Slow Fast Food a Torino e Rivoli","description":"Sei alla ricerca di un fast food a Torino? Dove mangiare uno dei migliori hamburger a Torino? Vi aspettiamo da M** Bun !","publisher":{"@id":"https:\/\/mbun.it\/fr\/#organization"},"potentialAction":[{"@type":"SearchAction","target":{"@type":"EntryPoint","urlTemplate":"https:\/\/mbun.it\/fr\/?s={search_term_string}"},"query-input":{"@type":"PropertyValueSpecification","valueRequired":true,"valueName":"search_term_string"}}],"inLanguage":"fr-FR"},{"@type":"Organization","@id":"https:\/\/mbun.it\/fr\/#organization","name":"M**Bun | Agrihamburgeria Slow Fast Food a Torino e Rivoli","url":"https:\/\/mbun.it\/fr\/","logo":{"@type":"ImageObject","inLanguage":"fr-FR","@id":"https:\/\/mbun.it\/fr\/#\/schema\/logo\/image\/","url":"https:\/\/mbun.it\/wp-content\/uploads\/Mbun-logo-rotondo.svg","contentUrl":"https:\/\/mbun.it\/wp-content\/uploads\/Mbun-logo-rotondo.svg","width":151,"height":152,"caption":"M**Bun | Agrihamburgeria Slow Fast Food a Torino e Rivoli"},"image":{"@id":"https:\/\/mbun.it\/fr\/#\/schema\/logo\/image\/"},"sameAs":["https:\/\/www.facebook.com\/mac.bun.7","https:\/\/www.instagram.com\/macbun_official\/"]}]}},"_links":{"self":[{"href":"https:\/\/mbun.it\/fr\/wp-json\/wp\/v2\/pages\/2253","targetHints":{"allow":["GET"]}}],"collection":[{"href":"https:\/\/mbun.it\/fr\/wp-json\/wp\/v2\/pages"}],"about":[{"href":"https:\/\/mbun.it\/fr\/wp-json\/wp\/v2\/types\/page"}],"author":[{"embeddable":true,"href":"https:\/\/mbun.it\/fr\/wp-json\/wp\/v2\/users\/1"}],"replies":[{"embeddable":true,"href":"https:\/\/mbun.it\/fr\/wp-json\/wp\/v2\/comments?post=2253"}],"version-history":[{"count":0,"href":"https:\/\/mbun.it\/fr\/wp-json\/wp\/v2\/pages\/2253\/revisions"}],"wp:attachment":[{"href":"https:\/\/mbun.it\/fr\/wp-json\/wp\/v2\/media?parent=2253"}],"curies":[{"name":"wp","href":"https:\/\/api.w.org\/{rel}","templated":true}]}}